{"id":3,"date":"2020-11-08T13:24:00","date_gmt":"2020-11-08T13:24:00","guid":{"rendered":"https:\/\/dotre.hu\/sandbox\/3rdGen\/wordpress\/?page_id=3"},"modified":"2024-02-11T22:58:58","modified_gmt":"2024-02-11T22:58:58","slug":"adatkezelesi-tajekoztato","status":"publish","type":"page","link":"https:\/\/dotre.hu\/sandbox\/3rdGen\/wordpress\/adatkezelesi-tajekoztato\/","title":{"rendered":"Adatkezel\u00e9si t\u00e1j\u00e9koztat\u00f3"},"content":{"rendered":"\t\t<div data-elementor-type=\"wp-page\" data-elementor-id=\"3\" class=\"elementor elementor-3\">\n\t\t\t\t<div class=\"elementor-element elementor-element-a58676c e-flex e-con-boxed e-con e-parent\" data-id=\"a58676c\" data-element_type=\"container\">\n\t\t\t\t\t<div class=\"e-con-inner\">\n\t\t\t\t<div class=\"elementor-element elementor-element-cc9be24 elementor-widget elementor-widget-html\" data-id=\"cc9be24\" data-element_type=\"widget\" data-widget_type=\"html.default\">\n\t\t\t\t<div class=\"elementor-widget-container\">\n\t\t\t\t\t<h1>Adatkezel\u00e9si t\u00e1j\u00e9koztat\u00f3<\/h1><p>Jelen t\u00e1j\u00e9koztat\u00f3 c\u00e9lja, hogy az \u00fcgyfelek \u00e9s a honlap l\u00e1togat\u00f3i megfelel\u0151 t\u00e1j\u00e9koztat\u00e1st kapjanak az \u00e1ltalunk v\u00e9gzett adatkezel\u00e9s c\u00e9lj\u00e1r\u00f3l \u00e9s m\u00f3dj\u00e1r\u00f3l, tov\u00e1bb\u00e1 az \u00fcgyfelek \u00e9s a l\u00e1togat\u00f3k adatkezel\u00e9shez kapcsol\u00f3d\u00f3 jogair\u00f3l.<\/p><p><u>A 3rdgen.eu internetes honlap \u00fczemeltet\u0151je, adatkezel\u0151:<\/u><\/p><p>3rdGEN Tan\u00e1csad\u00f3 \u00e9s Szolg\u00e1ltat\u00f3 Z\u00e1rtk\u00f6r\u0171en M\u0171k\u00f6d\u0151 R\u00e9szv\u00e9nyt\u00e1rsas\u00e1g<\/p><p>1007 Budapest - Margitsziget, Ensana Grand Hotel Margitsziget IV. em. 11.<\/p><p>Ad\u00f3sz\u00e1m: 27279212-2-41<\/p><p>El\u00e9rhet\u0151s\u00e9gek:<\/p><p>Email:&nbsp;info@3rdgen.eu <\/p><p><u>Adatv\u00e9delem<\/u><\/p><p>Az adatkezel\u00e9s alapj\u00e1ul szolg\u00e1l\u00f3 jogszab\u00e1lyok:<\/p><ol style=\"padding-left: 4em;\"> <li>az Eur\u00f3pai Parlament \u00e9s a Tan\u00e1cs (EU) 2016\/679 Rendelete (2016. \u00e1prilis 27.) a term\u00e9szetes szem\u00e9lyeknek a szem\u00e9lyes adatok kezel\u00e9se tekintet\u00e9ben t\u00f6rt\u00e9n\u0151 v\u00e9delm\u00e9r\u0151l \u00e9s az ilyen adatok szabad \u00e1raml\u00e1s\u00e1r\u00f3l, valamint a 95\/46\/EK ir\u00e1nyelv hat\u00e1lyon k\u00edv\u00fcl helyez\u00e9s\u00e9r\u0151l \u2013 \u00c1LTAL\u00c1NOS ADATV\u00c9DELMI RENDELET \/ GDPR<\/li> <li>az inform\u00e1ci\u00f3s \u00f6nrendelkez\u00e9si jogr\u00f3l \u00e9s az inform\u00e1ci\u00f3szabads\u00e1gr\u00f3l sz\u00f3l\u00f3 2011. \u00e9vi CXII. t\u00f6rv\u00e9ny \u2013 INFOTV.<\/li><\/ol><p>A 3rdGEN Zrt., mint adatkezel\u0151 a r\u00e9sz\u00e9re megb\u00edz\u00e1st ad\u00f3 \u00fcgyfelek \u00e9s a honlapot felkeres\u0151 szem\u00e9lyek szem\u00e9lyes adatait kezeli.<\/p><p>&nbsp;<\/p><p><u>Az \u00fczleti tev\u00e9kenys\u00e9g sor\u00e1n felmer\u00fcl\u0151 adatkezel\u00e9s<\/u><\/p><p>Az adatkezel\u00e9s c\u00e9lja a megb\u00edz\u00e1s teljes\u00edt\u00e9se, az adatkezel\u00e9s jogalapja jellemz\u0151en a GDPR 6. cikk (1) bekezd\u00e9s a) (hozz\u00e1j\u00e1rul\u00e1s), b) (az \u00e9rdekelt az adatkezel\u0151vel szerz\u0151d\u0151 f\u00e9l \u2013 szerz\u0151d\u00e9s teljes\u00edt\u00e9se) \u00e9s f) (jogos \u00e9rdek) pontja.<\/p><p>A kezelt adatok k\u00f6r\u00e9r\u0151l adatkezel\u0151 a megb\u00edz\u00e1si jogviszony l\u00e9trej\u00f6ttekor ny\u00fajt t\u00e1j\u00e9koztat\u00e1st az \u00fcgyfelek r\u00e9sz\u00e9re.<\/p><p>Adatkezel\u0151 az adatokat a jogviszony megsz\u0171n\u00e9s\u00e9t\u0151l az \u00e1ltal\u00e1nos el\u00e9v\u00fcl\u00e9si id\u0151 (5 \u00e9v) letelt\u00e9ig kezeli, figyelemmel az esetleges jogszab\u00e1lyi k\u00f6telezetts\u00e9gekre (pl. sz\u00e1mviteli k\u00f6telezetts\u00e9gek).<\/p><p>Adatkezel\u0151 elk\u00f6telezett, hogy a tudom\u00e1s\u00e1ra jutott szem\u00e9lyes adatokat a legnagyobb k\u00f6r\u00fcltekint\u00e9ssel \u00e9s bizalmasan kezelje a jelen t\u00e1j\u00e9koztat\u00f3ban, az \u00e1ltal\u00e1nos adatv\u00e9delmi rendeletben \u00e9s egy\u00e9b vonatkoz\u00f3 jogszab\u00e1lyokban foglaltaknak megfelel\u0151en.<\/p><p>Adatkezel\u0151 biztos\u00edtja, hogy jogosulatlan szem\u00e9lyek ne tekinthessenek be szem\u00e9lyes adatokba, tov\u00e1bb\u00e1, hogy a szem\u00e9lyes adat a jogosulatlan hozz\u00e1f\u00e9r\u00e9s, megv\u00e1ltoztat\u00e1s, tov\u00e1bb\u00edt\u00e1s, nyilv\u00e1noss\u00e1gra hozatal, t\u00f6rl\u00e9s vagy megsemmis\u00edt\u00e9s, valamint a v\u00e9letlen megsemmis\u00fcl\u00e9s \u00e9s s\u00e9r\u00fcl\u00e9s, az alkalmazott technika megv\u00e1ltoz\u00e1s\u00e1b\u00f3l fakad\u00f3 hozz\u00e1f\u00e9rhetetlenn\u00e9 v\u00e1l\u00e1s ellen v\u00e9dve legyen.<\/p><p>A n\u00e9v- \u00e9s c\u00edmadatok post\u00e1z\u00e1s eset\u00e9n \u00e1tad\u00e1sra ker\u00fclhetnek a Magyar Posta, illet\u0151leg a megb\u00edz\u00e1st teljes\u00edt\u0151 fut\u00e1rszolg\u00e1lat r\u00e9sz\u00e9re.<\/p><p>&nbsp;<\/p><p><u>A honlap l\u00e1togat\u00e1sa sor\u00e1n felmer\u00fcl\u0151 adatkezel\u00e9sek<\/u><\/p><p>Adatkezel\u0151 kezeli a 3rdgen.eu oldal felkeres\u00e9se sor\u00e1n, az internetes kapcsolat l\u00e9tes\u00edt\u00e9s\u00e9re \u00e9s fenntart\u00e1s\u00e1ra tekintettel a haszn\u00e1lt b\u00f6ng\u00e9sz\u0151program t\u00edpus\u00e1val, az internetprotokoll-c\u00edmmel (IP c\u00edm, port sz\u00e1m), a domain n\u00e9vvel (URL), a l\u00e1togat\u00e1s d\u00e1tum\u00e1val \u00e9s a megtekintett oldalak list\u00e1j\u00e1val kapcsolatosan automatikusan k\u00e9pz\u0151d\u0151 technikai adatokat (napl\u00f3z\u00e1si adatok).<\/p><p>Az adatkezel\u00e9s c\u00e9lja egyr\u00e9szt a honlap fejleszt\u00e9s\u00e9hez, a l\u00e1togatotts\u00e1ggal \u00e9s haszn\u00e1lattal kapcsolatos elemz\u00e9sek elv\u00e9gz\u00e9s\u00e9hez sz\u00fcks\u00e9ges statisztikai inform\u00e1ci\u00f3k gy\u0171jt\u00e9se (statisztikai c\u00e9l), m\u00e1sr\u00e9szt az esetleges vissza\u00e9l\u00e9sek megakad\u00e1lyoz\u00e1sa, tov\u00e1bb\u00e1 felder\u00edt\u00e9s\u00e9nek lehet\u0151v\u00e9 t\u00e9tele (inform\u00e1ci\u00f3biztons\u00e1gi c\u00e9l). <\/p><p>Adatkezel\u0151 a napl\u00f3z\u00e1si adatokat statisztikai c\u00e9llal 1 \u00e9vig, inform\u00e1ci\u00f3biztons\u00e1gi c\u00e9llal 2 \u00e9vig t\u00e1rolja. Adatkezel\u0151 a fenti adatokat a GDPR 6. cikk (1) bekezd\u00e9s f) pontja alapj\u00e1n (jogos \u00e9rdek) kezeli.<\/p><p>Amennyiben a honlapon szerepl\u0151 link m\u00e1s \u00e1ltal \u00fczemeltetett honlapokra vezet, azok tartalm\u00e1\u00e9rt adatkezel\u0151 semmilyen felel\u0151ss\u00e9get nem v\u00e1llal.<\/p><p>&nbsp;<\/p><p>Az \u201e\u00c9rdekl\u0151d\u00f6m\u201d fel\u00fclet haszn\u00e1lata sor\u00e1n kezelt szem\u00e9lyes adatok:<\/p><p>N\u00e9v, telefonsz\u00e1m, e-mail c\u00edm. Ezen adatok megad\u00e1sa a kapcsolattart\u00e1s, illetve a beazonos\u00edt\u00e1s \u00e9rdek\u00e9ben k\u00f6telez\u0151 (ezek megad\u00e1sa n\u00e9lk\u00fcl a kapcsolatfelv\u00e9telre nem tud sor ker\u00fclni). Az adatkezel\u00e9s c\u00e9lja a szerz\u0151d\u00e9sk\u00f6t\u00e9st megel\u0151z\u0151 kapcsolatfelv\u00e9tel, az adatkezel\u00e9s jogalapja a GDPR 6. cikk (1) bekezd\u00e9s b) pontja (szerz\u0151d\u00e9s megk\u00f6t\u00e9s\u00e9t megel\u0151z\u0151en az \u00e9rintett k\u00e9r\u00e9s\u00e9re t\u00f6rt\u00e9n\u0151 l\u00e9p\u00e9sek megt\u00e9tel\u00e9hez sz\u00fcks\u00e9ges adatkezel\u00e9s). Az adatokat az adatkezel\u0151 a szerz\u0151d\u00e9ses kapcsolat l\u00e9trej\u00f6tt\u00e9ig, vagy a kapcsolatfelv\u00e9tel, egyeztet\u00e9sek inaktivit\u00e1sa eset\u00e9n az inakt\u00edvv\u00e1 v\u00e1l\u00e1st k\u00f6vet\u0151 1 \u00e9vig kezeli.<\/p><p>&nbsp;<\/p><p><u>H\u00edrlev\u00e9l feliratkoz\u00e1s sor\u00e1n felmer\u00fcl\u0151 adatkezel\u00e9s<\/u><\/p><p>Az adatkezel\u00e9ssel azok a szem\u00e9lyek \u00e9rintettek, akik a H\u00edrlev\u00e9lre a 3rdgen.eu honlapon, illetve annak b\u00e1rmely aloldal\u00e1n kereszt\u00fcl a h\u00edrlev\u00e9lre feliratkoztak.<\/p><p>A h\u00edrlev\u00e9l feliratkoz\u00e1ssal \u00f6sszef\u00fcgg\u00e9sben a k\u00f6vetkez\u0151 szem\u00e9lyes adatokat kezeli az adatkezel\u0151: email c\u00edm \u00e9s n\u00e9v.<\/p><p>Az adatkezel\u00e9s c\u00e9lja: gazdas\u00e1gi rekl\u00e1mot is tartalmaz\u00f3, marketing \u00e9s t\u00e1j\u00e9koztat\u00f3 c\u00e9l\u00fa n\u00e9vre sz\u00f3l\u00f3 lev\u00e9l k\u00fcld\u00e9se az \u00e9rdekl\u0151d\u0151k r\u00e9sz\u00e9re az adatkezel\u0151vel, illetve az adatkezel\u0151 szolg\u00e1ltat\u00e1saival kapcsolatban, tov\u00e1bb\u00e1 direktmarketing tartalm\u00fa megkeres\u00e9sek.<\/p><p>Az adatkezel\u00e9s jogalapja a GDPR 6. cikk (1) a) pontja alapj\u00e1n az \u00e9rintett hozz\u00e1j\u00e1rul\u00e1sa.<\/p><p>Az adatkezel\u00e9s id\u0151tartama a hozz\u00e1j\u00e1rul\u00e1s visszavon\u00e1s\u00e1ig tart (h\u00edrlev\u00e9l leiratkoz\u00e1s lehet\u0151s\u00e9ge a h\u00edrlevelek v\u00e9g\u00e9n biztos\u00edtott).<\/p><p>A h\u00edrlevelek k\u00fcld\u00e9s\u00e9vel \u00f6sszef\u00fcgg\u00e9sben adatkezel\u0151 a k\u00f6vetkez\u0151 adatfeldolgoz\u00f3t veszi ig\u00e9nybe a h\u00edrlevelek t\u00f6meges kik\u00fcld\u00e9s\u00e9hez: neve: Intuit Inc. sz\u00e9khelye: Intuit Building 7, 2700 Coast Ave #11, Mountain View, CA 94043, Egyes\u00fclt \u00c1llamok.<\/p><p>&nbsp;<\/p><p><u>Webin\u00e1r feliratkoz\u00e1ssal kapcsolatos adatkezel\u00e9s<\/u><\/p><p><u>Az adatkezel\u00e9ssel azok a szem\u00e9lyek \u00e9rintettek akik az Adatkezel\u0151 \u00e1ltal tartott webin\u00e1rra jelentkeztek.<\/u><\/p><p>Az Adatkezel\u0151 \u00e1ltal tartott webin\u00e1rral kapcsolatos adatkezel\u00e9s sor\u00e1n Adatkezel\u0151 az \u00e9rintett nev\u00e9t, telefonsz\u00e1m\u00e1t \u00e9s e-mail c\u00edm\u00e9t kezeli.<\/p><p>Az adatkezel\u00e9s c\u00e9lja a kapcsolattart\u00e1s, illetve tov\u00e1bbi webin\u00e1rokkal kapcsolatos \u00e9rdekl\u0151d\u0151 mez\u0151 bepip\u00e1l\u00e1sa eset\u00e9n, a tov\u00e1bbi webin\u00e1rokra vonatkoz\u00f3 marketing tartalm\u00fa megkeres\u00e9sek k\u00fcld\u00e9se.<\/p><p>Az adatkezel\u00e9s jogalapja a GDPR 6. cikk (1) a) pontja alapj\u00e1n az \u00e9rintett hozz\u00e1j\u00e1rul\u00e1sa.<\/p><p>Az adatkezel\u00e9s id\u0151tartama a webin\u00e1r megtart\u00e1s\u00e1t\u00f3l sz\u00e1m\u00edtott 30 nap, tov\u00e1bbi \u00e9rdekl\u0151d\u00e9s eset\u00e9n a hozz\u00e1j\u00e1rul\u00e1s visszavon\u00e1s\u00e1ig tart.<\/p><p>&nbsp;<\/p><p><u>\u00c9rintetti jogok, jog\u00e9rv\u00e9nyes\u00edt\u00e9s \u00e9s panaszkezel\u00e9s<\/u><\/p><p>Az \u00e9rintett szem\u00e9ly \u00edr\u00e1sban t\u00e1j\u00e9koztat\u00e1st k\u00e9rhet az Adatkezel\u0151t\u0151l arr\u00f3l, hogy milyen szem\u00e9lyes adatait, milyen jogalapon, milyen adatkezel\u00e9si c\u00e9l miatt, mennyi ideig kezeli, tov\u00e1bb\u00e1 az Adatkezel\u0151 kinek, mikor, milyen jogalap alapj\u00e1n, mely szem\u00e9lyes adataihoz biztos\u00edtott hozz\u00e1f\u00e9r\u00e9st vagy kinek tov\u00e1bb\u00edtotta a szem\u00e9lyes adatait. Az Adatkezel\u0151 az \u00e9rintett k\u00e9relm\u00e9t legfeljebb egy h\u00f3napon bel\u00fcl teljes\u00edti.<\/p><p>Ha a szem\u00e9lyes adat a val\u00f3s\u00e1gnak nem felel meg, k\u00e9rhet\u0151 annak helyesb\u00edt\u00e9se. Amennyiben a val\u00f3s\u00e1gnak megfelel\u0151 szem\u00e9lyes adat a rendelkez\u00e9sre \u00e1ll, a szem\u00e9lyes adatot adatkezel\u0151 helyesb\u00edti. Adatkezel\u0151 megjel\u00f6li azt a szem\u00e9lyes adatot, amelynek helyess\u00e9g\u00e9t vagy pontoss\u00e1g\u00e1t az \u00e9rintett szem\u00e9ly vitatja, amennyiben az adat helytelens\u00e9ge vagy pontatlans\u00e1ga nem \u00e1llap\u00edthat\u00f3 meg egy\u00e9rtelm\u0171en. Adatkezel\u0151 a k\u00e9relmet legfeljebb egy h\u00f3napon bel\u00fcl teljes\u00edti.<\/p><p>Az \u00e9rintett szem\u00e9ly a t\u00f6rl\u00e9st az adatkezel\u0151h\u00f6z beny\u00fajtott \u00edr\u00e1sbeli k\u00e9relemmel kezdem\u00e9nyezheti. A t\u00f6rl\u00e9si k\u00e9relmet az Adatkezel\u0151 abban az esetben utas\u00edtja el, ha az Adatkezel\u0151t a szem\u00e9lyes adatok tov\u00e1bbi t\u00e1rol\u00e1s\u00e1ra k\u00f6telezik. Ilyen eset p\u00e9ld\u00e1ul az, ha sz\u00e1mviteli jogszab\u00e1lyok \u00e1ltal el\u0151\u00edrt hat\u00e1rid\u0151 nem telt le. Amennyiben azonban nincs ilyen k\u00f6telezetts\u00e9g, akkor az Adatkezel\u0151 a k\u00e9relmet legfeljebb egy h\u00f3napon bel\u00fcl teljes\u00edti<\/p><p>Az \u00e9rintett szem\u00e9ly \u00edr\u00e1sban k\u00e9rheti, hogy a szem\u00e9lyes adatait az Adatkezel\u0151 z\u00e1rolja (az adatkezel\u00e9s korl\u00e1tozott jelleg\u00e9nek egy\u00e9rtelm\u0171 jel\u00f6l\u00e9s\u00e9vel \u00e9s az egy\u00e9b adatokt\u00f3l elk\u00fcl\u00f6n\u00edtett kezel\u00e9s biztos\u00edt\u00e1s\u00e1val). A z\u00e1rol\u00e1s addig tart, am\u00edg az \u00e9rintett \u00e1ltal megjel\u00f6lt indok sz\u00fcks\u00e9gess\u00e9 teszi az adatok t\u00e1rol\u00e1s\u00e1t. Az adat z\u00e1rol\u00e1s\u00e1t k\u00e9rheti az \u00e9rintett p\u00e9ld\u00e1ul abban az esetben, ha \u00fagy gondolja, hogy a beadv\u00e1ny\u00e1t az Adatkezel\u0151 jogellenesen kezelte, azonban az \u00e1ltala kezdem\u00e9nyezett hat\u00f3s\u00e1gi vagy b\u00edr\u00f3s\u00e1gi elj\u00e1r\u00e1s \u00e9rdek\u00e9ben sz\u00fcks\u00e9ges az, hogy a beadv\u00e1nyt az Adatkezel\u0151 ne t\u00f6r\u00f6lje. Ebben az esetben a hat\u00f3s\u00e1g vagy a b\u00edr\u00f3s\u00e1g megkeres\u00e9s\u00e9ig az Adatkezel\u0151 tov\u00e1bb t\u00e1rolja a szem\u00e9lyes adatot (p\u00e9ld\u00e1ul az adott beadv\u00e1nyt), ezt k\u00f6vet\u0151en t\u00f6rli az adatokat.<\/p><p>Az \u00e9rintett szem\u00e9ly \u00edr\u00e1sban tiltakozhat az adatkezel\u00e9s ellen, ha az Adatkezel\u0151 a szem\u00e9lyes adatot pl. k\u00f6zv\u00e9lem\u00e9ny-kutat\u00e1s vagy tudom\u00e1nyos kutat\u00e1s c\u00e9lj\u00e1b\u00f3l tov\u00e1bb\u00edtan\u00e1, felhaszn\u00e1ln\u00e1. Adatkezel\u0151 a tiltakoz\u00e1s k\u00e9zhezv\u00e9tel\u00e9t\u0151l sz\u00e1m\u00edtott legr\u00f6videbb id\u0151 alatt, de legfeljebb egy h\u00f3napon bel\u00fcl megvizsg\u00e1lja a k\u00e9relmet, \u00e9s annak megalapozotts\u00e1ga k\u00e9rd\u00e9s\u00e9ben d\u00f6nt\u00e9st hoz, amelyr\u0151l a k\u00e9relmez\u0151t \u00edr\u00e1sban \u00e9rtes\u00edti.<\/p><p>Az \u00e9rintett jogainak gyakorl\u00e1s\u00e1ra ir\u00e1nyul\u00f3 k\u00e9r\u00e9s teljes\u00edt\u00e9s\u00e9r\u0151l vagy annak akad\u00e1ly\u00e1r\u00f3l adatkezel\u0151 a k\u00e9relem beny\u00fajt\u00e1s\u00e1t\u00f3l sz\u00e1m\u00edtott lehet\u0151 legr\u00f6videbb id\u0151 alatt, legfeljebb azonban egy h\u00f3napon bel\u00fcl \u00edr\u00e1sban \u2013 a k\u00e9relem beny\u00fajt\u00f3j\u00e1nak hozz\u00e1j\u00e1rul\u00e1s\u00e1val elektronikus \u00faton \u2013 \u00e9rtes\u00edti a k\u00e9relem el\u0151terjeszt\u0151j\u00e9t, a k\u00e9relem elutas\u00edt\u00e1sa eset\u00e9n az elutas\u00edt\u00e1s t\u00e9nybeli \u00e9s jogi indokaival, valamint a jogorvoslati lehet\u0151s\u00e9gekre vonatkoz\u00f3 t\u00e1j\u00e9koztat\u00e1ssal egy\u00fctt. Mindezekhez sz\u00fcks\u00e9ges, hogy az \u00e9rintett a megkeres\u00e9s alapj\u00e1n beazonos\u00edthat\u00f3 legyen. Amennyiben a beazonos\u00edt\u00e1shoz Adatkezel\u0151 nem rendelkezik megfelel\u0151 inform\u00e1ci\u00f3kkal, \u00fagy ennek \u00e9rdek\u00e9ben adatot k\u00e9rhet be \u00e9rintett\u0151l.<\/p><p>Mindenki, aki \u00fagy v\u00e9li, hogy adatkezel\u0151 adatkezel\u00e9se k\u00f6vetkezt\u00e9ben s\u00e9r\u00fcltek a jogai, b\u00edr\u00f3s\u00e1ghoz vagy panasszal a Hat\u00f3s\u00e1ghoz (Nemzeti Adatv\u00e9delmi \u00e9s Inform\u00e1ci\u00f3szabads\u00e1g Hat\u00f3s\u00e1g \u2013 sz\u00e9khelye: H-1055 Budapest, Falk Miksa utca 9-11; Telefon: +36 (1) 391-1400; Fax: +36 (1) 391-1410; E-mail: ugyfelszolgalat@naih.hu) fordulhat.<\/p><p>A b\u00edr\u00f3s\u00e1g az \u00fcgyben soron k\u00edv\u00fcl j\u00e1r el. A perre a F\u0151v\u00e1rosi T\u00f6rv\u00e9nysz\u00e9k az illet\u00e9kes, a per az azt kezdem\u00e9nyez\u0151 szem\u00e9ly v\u00e1laszt\u00e1sa szerint a lak\u00f3helye vagy tart\u00f3zkod\u00e1si helye szerint illet\u00e9kes t\u00f6rv\u00e9nysz\u00e9k el\u0151tt is megind\u00edthat\u00f3.<\/p><p>Felh\u00edvjuk tov\u00e1bb\u00e1 a figyelmet, hogy a Hat\u00f3s\u00e1g a panaszokat csak abban az esetben vizsg\u00e1lja ki, amennyiben az \u00e9rintett a Hat\u00f3s\u00e1gn\u00e1l tett bejelent\u00e9s\u00e9t megel\u0151z\u0151en m\u00e1r megkereste az Adatkezel\u0151t panasz\u00e1val kapcsolatban, \u00e9s az nem vezetett eredm\u00e9nyre.<\/p><p>&nbsp;<\/p><p><u>Szerz\u0151i jogi nyilatkozat<\/u><\/p><p>A honlap teljes tartalma szerz\u0151i jogv\u00e9delem al\u00e1 esik a szerz\u0151i jogr\u00f3l sz\u00f3l\u00f3 1999. \u00e9vi LXXVI. t\u00f6rv\u00e9ny alapj\u00e1n. El\u0151zetes \u00edr\u00e1sbeli enged\u00e9ly n\u00e9lk\u00fcl tilos a honlap tartalm\u00e1nak ak\u00e1r eg\u00e9sz\u00e9t, ak\u00e1r b\u00e1rmely r\u00e9sz\u00e9t m\u00e1solni, tov\u00e1bbadni, terjeszteni. A honlapon tal\u00e1lhat\u00f3 tartalmak k\u00f6zl\u00e9se, feldolgoz\u00e1sa csak az \u00fczemeltet\u0151 el\u0151zetes \u00edr\u00e1sbeli enged\u00e9ly\u00e9vel \u00e9s a forr\u00e1s felt\u00fcntet\u00e9s\u00e9vel t\u00f6rt\u00e9nhet. A honlap tartalm\u00e1t a l\u00e1togat\u00f3k let\u00f6lthetik, k\u00e9perny\u0151j\u00fck\u00f6n megjelen\u00edthetik, kinyomtathatj\u00e1k, de azokat nem sokszoros\u00edthatj\u00e1k. A felhaszn\u00e1l\u00f3k a honlap tartalm\u00e1t, illetve annak r\u00e9szeit kiz\u00e1r\u00f3lag saj\u00e1t, szem\u00e9lyes c\u00e9lra haszn\u00e1lhatj\u00e1k. Terjeszt\u00e9si sz\u00e1nd\u00e9kkal t\u00f6rt\u00e9n\u0151 m\u00e1sol\u00e1shoz a honlap \u00fczemeltet\u0151j\u00e9nek \u00edr\u00e1sbeli hozz\u00e1j\u00e1rul\u00e1sa sz\u00fcks\u00e9ges. A jogosulatlan felhaszn\u00e1l\u00e1s b\u00fcntet\u0151- \u00e9s polg\u00e1ri jogi k\u00f6vetkezm\u00e9nyeket von maga ut\u00e1n. A honlap \u00fczemeltet\u0151je k\u00e1rt\u00e9r\u00edt\u00e9st vagy s\u00e9relemd\u00edjat k\u00f6vetelhet.<\/p><p>&nbsp;<\/p><p>A s\u00fctikkel kapcsolatos adatkezel\u00e9si t\u00e1j\u00e9koztat\u00f3 a weblapon k\u00fcl\u00f6n\r\ntal\u00e1lhat\u00f3 meg.<\/p>\t\t\t\t<\/div>\n\t\t\t\t<\/div>\n\t\t\t\t\t<\/div>\n\t\t\t\t<\/div>\n\t\t\t\t<\/div>\n\t\t","protected":false},"excerpt":{"rendered":"<p>Adatkezel\u00e9si t\u00e1j\u00e9koztat\u00f3 Jelen t\u00e1j\u00e9koztat\u00f3 c\u00e9lja, hogy az \u00fcgyfelek \u00e9s a honlap l\u00e1togat\u00f3i megfelel\u0151 t\u00e1j\u00e9koztat\u00e1st kapjanak az \u00e1ltalunk v\u00e9gzett adatkezel\u00e9s c\u00e9lj\u00e1r\u00f3l \u00e9s m\u00f3dj\u00e1r\u00f3l, tov\u00e1bb\u00e1 az \u00fcgyfelek \u00e9s a l\u00e1togat\u00f3k adatkezel\u00e9shez kapcsol\u00f3d\u00f3 jogair\u00f3l. A 3rdgen.eu internetes honlap \u00fczemeltet\u0151je, adatkezel\u0151: 3rdGEN Tan\u00e1csad\u00f3 \u00e9s Szolg\u00e1ltat\u00f3 Z\u00e1rtk\u00f6r\u0171en M\u0171k\u00f6d\u0151 R\u00e9szv\u00e9nyt\u00e1rsas\u00e1g 1007 Budapest &#8211; Margitsziget, Ensana Grand Hotel Margitsziget IV. em. 11. [&hellip;]<\/p>\n","protected":false},"author":1,"featured_media":0,"parent":0,"menu_order":0,"comment_status":"closed","ping_status":"closed","template":"elementor_header_footer","meta":{"inline_featured_image":false,"_monsterinsights_skip_tracking":false,"_monsterinsights_sitenote_active":false,"_monsterinsights_sitenote_note":"","_monsterinsights_sitenote_category":0,"footnotes":""},"aioseo_notices":[],"_links":{"self":[{"href":"https:\/\/dotre.hu\/sandbox\/3rdGen\/wordpress\/wp-json\/wp\/v2\/pages\/3"}],"collection":[{"href":"https:\/\/dotre.hu\/sandbox\/3rdGen\/wordpress\/wp-json\/wp\/v2\/pages"}],"about":[{"href":"https:\/\/dotre.hu\/sandbox\/3rdGen\/wordpress\/wp-json\/wp\/v2\/types\/page"}],"author":[{"embeddable":true,"href":"https:\/\/dotre.hu\/sandbox\/3rdGen\/wordpress\/wp-json\/wp\/v2\/users\/1"}],"replies":[{"embeddable":true,"href":"https:\/\/dotre.hu\/sandbox\/3rdGen\/wordpress\/wp-json\/wp\/v2\/comments?post=3"}],"version-history":[{"count":18,"href":"https:\/\/dotre.hu\/sandbox\/3rdGen\/wordpress\/wp-json\/wp\/v2\/pages\/3\/revisions"}],"predecessor-version":[{"id":1228,"href":"https:\/\/dotre.hu\/sandbox\/3rdGen\/wordpress\/wp-json\/wp\/v2\/pages\/3\/revisions\/1228"}],"wp:attachment":[{"href":"https:\/\/dotre.hu\/sandbox\/3rdGen\/wordpress\/wp-json\/wp\/v2\/media?parent=3"}],"curies":[{"name":"wp","href":"https:\/\/api.w.org\/{rel}","templated":true}]}}