{"id":1923,"date":"2024-07-11T12:58:21","date_gmt":"2024-07-11T12:58:21","guid":{"rendered":"https:\/\/dotre.hu\/sandbox\/3rdGen\/wordpress\/?page_id=1923"},"modified":"2024-07-11T12:59:03","modified_gmt":"2024-07-11T12:59:03","slug":"impressum","status":"publish","type":"page","link":"https:\/\/dotre.hu\/sandbox\/3rdGen\/wordpress\/en\/impressum\/","title":{"rendered":"Impressum"},"content":{"rendered":"\t\t<div data-elementor-type=\"wp-page\" data-elementor-id=\"1923\" class=\"elementor elementor-1923\">\n\t\t\t\t<div class=\"elementor-element elementor-element-a58676c e-flex e-con-boxed e-con e-parent\" data-id=\"a58676c\" data-element_type=\"container\">\n\t\t\t\t\t<div class=\"e-con-inner\">\n\t\t\t\t<div class=\"elementor-element elementor-element-cc9be24 elementor-widget elementor-widget-html\" data-id=\"cc9be24\" data-element_type=\"widget\" data-widget_type=\"html.default\">\n\t\t\t\t<div class=\"elementor-widget-container\">\n\t\t\t\t\t<h1>Impressum<\/h1><p><strong>Company name:<\/strong> 3rdGEN Tan\u00e1csad\u00f3 \u00e9s Szolg\u00e1ltat\u00f3 Z\u00e1rtk\u00f6r\u0171en M\u0171k\u00f6d\u0151 R\u00e9szv\u00e9nyt\u00e1rsas\u00e1g<\/p><p><strong>Short name:<\/strong> 3rdGEN Zrt.<\/p><p><strong>Seat:<\/strong> 1007 Budapest - Margitsziget, Ensana Grand Hotel Margitsziget IV. em. 11.<\/p><p><strong>E-mail:<\/strong> info@3rdgen.eu<\/p><p><strong>Company registration number:<\/strong> 01-10-140697<\/p><p><strong>Tax number:<\/strong> 27279212-2-41<\/p><p><strong>Statistical code:<\/strong> 27279212 7022 114 01<\/p><p><strong>Number of registration decision issued by the Government Office of the Capital City\nBudapest with regard to private employment agency activities:<\/strong> BP\/0701\/22351-5\/2020-1225<\/p><p><strong>Adult education registration number:<\/strong> B\/2021\/000023<\/p><p><strong>Chamber membership (number):<\/strong> PE27279212<\/p><p><strong>Storage hosted by:<\/strong> T\u00e1rhely.Eu Szolg\u00e1ltat\u00f3 Kft. (Company resistration number: 01-09-909968, tax number: 14571332-2-42, phone: +36 1 789 2 789, e-mail : support@tarhely.eu, seat: 1097 Budapest, K\u00f6nyves K\u00e1lm\u00e1n k\u00f6r\u00fat 12-14.)<\/p>\t\t\t\t<\/div>\n\t\t\t\t<\/div>\n\t\t\t\t\t<\/div>\n\t\t\t\t<\/div>\n\t\t\t\t<\/div>\n\t\t","protected":false},"excerpt":{"rendered":"<p>Impressum Company name: 3rdGEN Tan\u00e1csad\u00f3 \u00e9s Szolg\u00e1ltat\u00f3 Z\u00e1rtk\u00f6r\u0171en M\u0171k\u00f6d\u0151 R\u00e9szv\u00e9nyt\u00e1rsas\u00e1g Short name: 3rdGEN Zrt. Seat: 1007 Budapest &#8211; Margitsziget, Ensana Grand Hotel Margitsziget IV. em. 11. E-mail: info@3rdgen.eu Company registration number: 01-10-140697 Tax number: 27279212-2-41 Statistical code: 27279212 7022 114 01 Number of registration decision issued by the Government Office of the Capital City Budapest [&hellip;]<\/p>\n","protected":false},"author":1,"featured_media":0,"parent":0,"menu_order":0,"comment_status":"closed","ping_status":"closed","template":"elementor_header_footer","meta":{"inline_featured_image":false,"_monsterinsights_skip_tracking":false,"_monsterinsights_sitenote_active":false,"_monsterinsights_sitenote_note":"","_monsterinsights_sitenote_category":0,"footnotes":""},"aioseo_notices":[],"_links":{"self":[{"href":"https:\/\/dotre.hu\/sandbox\/3rdGen\/wordpress\/wp-json\/wp\/v2\/pages\/1923"}],"collection":[{"href":"https:\/\/dotre.hu\/sandbox\/3rdGen\/wordpress\/wp-json\/wp\/v2\/pages"}],"about":[{"href":"https:\/\/dotre.hu\/sandbox\/3rdGen\/wordpress\/wp-json\/wp\/v2\/types\/page"}],"author":[{"embeddable":true,"href":"https:\/\/dotre.hu\/sandbox\/3rdGen\/wordpress\/wp-json\/wp\/v2\/users\/1"}],"replies":[{"embeddable":true,"href":"https:\/\/dotre.hu\/sandbox\/3rdGen\/wordpress\/wp-json\/wp\/v2\/comments?post=1923"}],"version-history":[{"count":5,"href":"https:\/\/dotre.hu\/sandbox\/3rdGen\/wordpress\/wp-json\/wp\/v2\/pages\/1923\/revisions"}],"predecessor-version":[{"id":2102,"href":"https:\/\/dotre.hu\/sandbox\/3rdGen\/wordpress\/wp-json\/wp\/v2\/pages\/1923\/revisions\/2102"}],"wp:attachment":[{"href":"https:\/\/dotre.hu\/sandbox\/3rdGen\/wordpress\/wp-json\/wp\/v2\/media?parent=1923"}],"curies":[{"name":"wp","href":"https:\/\/api.w.org\/{rel}","templated":true}]}}