{"id":1256,"date":"2024-02-13T14:04:15","date_gmt":"2024-02-13T14:04:15","guid":{"rendered":"https:\/\/dotre.hu\/sandbox\/3rdGen\/wordpress\/?page_id=1256"},"modified":"2024-06-13T21:34:09","modified_gmt":"2024-06-13T21:34:09","slug":"kapcsolat","status":"publish","type":"page","link":"https:\/\/dotre.hu\/sandbox\/3rdGen\/wordpress\/kapcsolat\/","title":{"rendered":"Kapcsolat"},"content":{"rendered":"\t\t<div data-elementor-type=\"wp-page\" data-elementor-id=\"1256\" class=\"elementor elementor-1256\">\n\t\t\t\t\t\t<section class=\"elementor-section elementor-top-section elementor-element elementor-element-13e78fc elementor-section-full_width elementor-section-height-default elementor-section-height-default\" data-id=\"13e78fc\" data-element_type=\"section\">\n\t\t\t\t\t\t<div class=\"elementor-container elementor-column-gap-no\">\n\t\t\t\t\t<div class=\"elementor-column elementor-col-100 elementor-top-column elementor-element elementor-element-d99c39d\" data-id=\"d99c39d\" data-element_type=\"column\">\n\t\t\t<div class=\"elementor-widget-wrap elementor-element-populated\">\n\t\t\t\t\t\t<div class=\"elementor-element elementor-element-ac96b0c elementor-align-left elementor-widget elementor-widget-bdevs-page-header\" data-id=\"ac96b0c\" data-element_type=\"widget\" data-widget_type=\"bdevs-page-header.default\">\n\t\t\t\t<div class=\"elementor-widget-container\">\n\t\t\t\t\t    <div class=\"slider bg-navy-blue bg-scroll pos-rel breadcrumbs-page\" style=\"background: url(https:\/\/dotre.hu\/sandbox\/3rdGen\/wordpress\/wp-content\/uploads\/2023\/12\/buildin.png)\">\r\n        <div class=\"container\">\r\n          <nav aria-label=\"breadcrumb\">\r\n            <ol class=\"breadcrumb\">\r\n                              <li class=\"breadcrumb-item\"><a href=\"https:\/\/dotre.hu\/sandbox\/3rdGen\/wordpress\/\"><i class=\"icofont-home\"><\/i><\/a><\/li>\r\n                                          <li class=\"breadcrumb-item\">3rdgen.eu<\/li>\r\n                                           <li class=\"breadcrumb-item active\" aria-current=\"page\">Kapcsolat<\/li>\r\n                          <\/ol>\r\n          <\/nav>  \r\n\r\n                        <h1>Besz\u00e9lj\u00fcnk!<\/h1>\r\n                                  <div class=\"breadcrumbs-description\">\r\n                Keress minket bizalommal          <\/div>\r\n                  <\/div>\r\n      <\/div>\r\n    \t\t\t\t<\/div>\n\t\t\t\t<\/div>\n\t\t\t\t\t<\/div>\n\t\t<\/div>\n\t\t\t\t\t<\/div>\n\t\t<\/section>\n\t\t\t\t<section class=\"elementor-section elementor-top-section elementor-element elementor-element-a2090f3 elementor-section-full_width elementor-section-height-default elementor-section-height-default\" data-id=\"a2090f3\" data-element_type=\"section\">\n\t\t\t\t\t\t<div class=\"elementor-container elementor-column-gap-no\">\n\t\t\t\t\t<div class=\"elementor-column elementor-col-100 elementor-top-column elementor-element elementor-element-3788c40\" data-id=\"3788c40\" data-element_type=\"column\">\n\t\t\t<div class=\"elementor-widget-wrap elementor-element-populated\">\n\t\t\t\t\t\t<div class=\"elementor-element elementor-element-8a4ed43 elementor-widget elementor-widget-google_maps\" data-id=\"8a4ed43\" data-element_type=\"widget\" data-widget_type=\"google_maps.default\">\n\t\t\t\t<div class=\"elementor-widget-container\">\n\t\t\t\t\t\t\t<div class=\"elementor-custom-embed\">\n\t\t\t<iframe loading=\"lazy\"\n\t\t\t\t\tsrc=\"https:\/\/maps.google.com\/maps?q=Budapest%20Margitsziget%20Ensana%20Grand%20Hotel%20Margitsziget%20IV.%20emelet%2011%2C%201007&#038;t=m&#038;z=10&#038;output=embed&#038;iwloc=near\"\n\t\t\t\t\ttitle=\"Budapest Margitsziget Ensana Grand Hotel Margitsziget IV. emelet 11, 1007\"\n\t\t\t\t\taria-label=\"Budapest Margitsziget Ensana Grand Hotel Margitsziget IV. emelet 11, 1007\"\n\t\t\t><\/iframe>\n\t\t<\/div>\n\t\t\t\t\t\t<\/div>\n\t\t\t\t<\/div>\n\t\t\t\t\t<\/div>\n\t\t<\/div>\n\t\t\t\t\t<\/div>\n\t\t<\/section>\n\t\t\t\t<section class=\"elementor-section elementor-top-section elementor-element elementor-element-f8296e5 elementor-section-full_width elementor-section-height-default elementor-section-height-default\" data-id=\"f8296e5\" data-element_type=\"section\">\n\t\t\t\t\t\t<div class=\"elementor-container elementor-column-gap-no\">\n\t\t\t\t\t<div class=\"elementor-column elementor-col-100 elementor-top-column elementor-element elementor-element-0caf7e2\" data-id=\"0caf7e2\" data-element_type=\"column\">\n\t\t\t<div class=\"elementor-widget-wrap elementor-element-populated\">\n\t\t\t\t\t\t<div class=\"elementor-element elementor-element-56e68b5 elementor-align-left elementor-widget elementor-widget-bdevs-contact-2\" data-id=\"56e68b5\" data-element_type=\"widget\" data-widget_type=\"bdevs-contact-2.default\">\n\t\t\t\t<div class=\"elementor-widget-container\">\n\t\t\t\t\t        <section class=\"wide-tb-100 pos-rel\">\r\n          <div class=\"container\">\r\n                        <div class=\"contact-map-bg option\">\r\n              <img decoding=\"async\" src=\"https:\/\/shtheme.com\/demosd\/logzeewp\/wp-content\/uploads\/2023\/08\/map-bg.png\" alt=\"\">\r\n            <\/div>\r\n            \r\n            <div class=\"row\">\r\n              <div class=\"col-md-4\">\r\n                                <h2 class=\"h2-md mb-4 fw-7 txt-blue\">Vedd fel vel\u00fcnk a kapcsolatot!<\/h2>\r\n                \r\n                                 <div class=\"contact-detail-shadow no-shadow mb-5 wow fadeInRight\" data-wow-duration=\"0\" data-wow-delay=\"0s\">\r\n                                      <h4>V\u00e9g Ott\u00f3<\/h4>\r\n                                                        <div class=\"d-flex align-items-start items\">\r\n                    <i class=\"icofont-google-map\"><\/i> <span>Alap\u00edt\u00f3, az Igazgat\u00f3s\u00e1g eln\u00f6ke<\/span>\r\n                  <\/div>\r\n                                                      <div class=\"d-flex align-items-start items\">\r\n                    <i class=\"icofont-phone\"><\/i> <span>+36 30 938 1883<\/span>\r\n                  <\/div>\r\n                                                       <div class=\"text-nowrap d-flex align-items-start items\">\r\n                    <i class=\"icofont-email\"><\/i> <a href=\"mailto:otto.veg@3rdgen.eu\">otto.veg@3rdgen.eu<\/a>\r\n                  <\/div>\r\n                                  <\/div>\r\n                                <div class=\"contact-detail-shadow no-shadow mb-5 wow fadeInRight\" data-wow-duration=\"0\" data-wow-delay=\"0s\">\r\n                                      <h4>Csepregi Ott\u00f3<\/h4>\r\n                                                        <div class=\"d-flex align-items-start items\">\r\n                    <i class=\"icofont-google-map\"><\/i> <span>Alap\u00edt\u00f3, Vez\u00e9rigazgat\u00f3<\/span>\r\n                  <\/div>\r\n                                                      <div class=\"d-flex align-items-start items\">\r\n                    <i class=\"icofont-phone\"><\/i> <span>+36 70 333 9000<\/span>\r\n                  <\/div>\r\n                                                       <div class=\"text-nowrap d-flex align-items-start items\">\r\n                    <i class=\"icofont-email\"><\/i> <a href=\"mailto:otto.csepregi@3rdgen.eu\">otto.csepregi@3rdgen.eu<\/a>\r\n                  <\/div>\r\n                                  <\/div>\r\n                                <div class=\"contact-detail-shadow no-shadow mb-5 wow fadeInRight\" data-wow-duration=\"0\" data-wow-delay=\"0s\">\r\n                                      <h4>K\u00e1sler P\u00e9ter<\/h4>\r\n                                                        <div class=\"d-flex align-items-start items\">\r\n                    <i class=\"icofont-google-map\"><\/i> <span>Ambassador, Igazgat\u00f3s\u00e1gi tag<\/span>\r\n                  <\/div>\r\n                                                      <div class=\"d-flex align-items-start items\">\r\n                    <i class=\"icofont-phone\"><\/i> <span>+36 30 722 8501<\/span>\r\n                  <\/div>\r\n                                                       <div class=\"text-nowrap d-flex align-items-start items\">\r\n                    <i class=\"icofont-email\"><\/i> <a href=\"mailto:peter.kasler@3rdgen.eu\">peter.kasler@3rdgen.eu<\/a>\r\n                  <\/div>\r\n                                  <\/div>\r\n                                <div class=\"contact-detail-shadow no-shadow mb-5 wow fadeInRight\" data-wow-duration=\"0\" data-wow-delay=\"0s\">\r\n                                      <h4>Vojtek Endre<\/h4>\r\n                                                        <div class=\"d-flex align-items-start items\">\r\n                    <i class=\"icofont-google-map\"><\/i> <span>Igazgat\u00f3s\u00e1gi tag<\/span>\r\n                  <\/div>\r\n                                                      <div class=\"d-flex align-items-start items\">\r\n                    <i class=\"icofont-phone\"><\/i> <span>+36 30 645 5343<\/span>\r\n                  <\/div>\r\n                                                       <div class=\"text-nowrap d-flex align-items-start items\">\r\n                    <i class=\"icofont-email\"><\/i> <a href=\"mailto:endre.vojtek@3rdgen.eu\">endre.vojtek@3rdgen.eu<\/a>\r\n                  <\/div>\r\n                                  <\/div>\r\n                              <\/div>\r\n              <div class=\"col-md-8 col-sm-12\">\r\n                                 <h2 class=\"h2-md mb-4 fw-7 txt-blue\">\u00c9rdekl\u0151d\u00e9s<\/h2>\r\n                                <div class=\"\">\r\n                  <div class=\"free-quote-form contact-page-option wow fadeInLeft\" data-wow-duration=\"0\" data-wow-delay=\"0s\">                  \r\n                      <style id=\"wpforms-css-vars-1262\">\n\t\t\t\t#wpforms-1262 {\n\t\t\t\t\n\t\t\t}\n\t\t\t<\/style><div class=\"wpforms-container wpforms-container-full wpforms-render-modern\" id=\"wpforms-1262\"><form id=\"wpforms-form-1262\" class=\"wpforms-validate wpforms-form wpforms-ajax-form\" data-formid=\"1262\" method=\"post\" enctype=\"multipart\/form-data\" action=\"\/sandbox\/3rdGen\/wordpress\/wp-json\/wp\/v2\/pages\/1256\" data-token=\"1f0cbbde327c92916ae063a9cb373cce\" data-token-time=\"1775461328\"><noscript class=\"wpforms-error-noscript\">Please enable JavaScript in your browser to complete this form.<\/noscript><div id=\"wpforms-error-noscript\" style=\"display: none;\">Please enable JavaScript in your browser to complete this form.<\/div><div class=\"wpforms-field-container\"><div id=\"wpforms-1262-field_0-container\" class=\"wpforms-field wpforms-field-name\" data-field-id=\"0\"><label class=\"wpforms-field-label\" for=\"wpforms-1262-field_0\">N\u00e9v <span class=\"wpforms-required-label\" aria-hidden=\"true\">*<\/span><\/label><input type=\"text\" id=\"wpforms-1262-field_0\" class=\"wpforms-field-medium wpforms-field-required\" name=\"wpforms[fields][0]\" aria-errormessage=\"wpforms-1262-field_0-error\" required><\/div><div id=\"wpforms-1262-field_1-container\" class=\"wpforms-field wpforms-field-email\" data-field-id=\"1\"><label class=\"wpforms-field-label\" for=\"wpforms-1262-field_1\">Email <span class=\"wpforms-required-label\" aria-hidden=\"true\">*<\/span><\/label><input type=\"email\" id=\"wpforms-1262-field_1\" class=\"wpforms-field-medium wpforms-field-required\" name=\"wpforms[fields][1]\" spellcheck=\"false\" aria-errormessage=\"wpforms-1262-field_1-error\" required><\/div><div id=\"wpforms-1262-field_3-container\" class=\"wpforms-field wpforms-field-text\" data-field-id=\"3\"><label class=\"wpforms-field-label\" for=\"wpforms-1262-field_3\">Telefon<\/label><input type=\"text\" id=\"wpforms-1262-field_3\" class=\"wpforms-field-medium\" name=\"wpforms[fields][3]\" aria-errormessage=\"wpforms-1262-field_3-error\" ><\/div><div id=\"wpforms-1262-field_4-container\" class=\"wpforms-field wpforms-field-text\" data-field-id=\"4\"><label class=\"wpforms-field-label\" for=\"wpforms-1262-field_4\">C\u00e9gn\u00e9v<\/label><input type=\"text\" id=\"wpforms-1262-field_4\" class=\"wpforms-field-medium\" name=\"wpforms[fields][4]\" aria-errormessage=\"wpforms-1262-field_4-error\" ><\/div><div id=\"wpforms-1262-field_2-container\" class=\"wpforms-field wpforms-field-textarea\" data-field-id=\"2\"><label class=\"wpforms-field-label\" for=\"wpforms-1262-field_2\">Megjegyz\u00e9s, k\u00e9rd\u00e9s<\/label><textarea id=\"wpforms-1262-field_2\" class=\"wpforms-field-medium\" name=\"wpforms[fields][2]\" aria-errormessage=\"wpforms-1262-field_2-error\" ><\/textarea><\/div><div id=\"wpforms-1262-field_5-container\" class=\"wpforms-field wpforms-field-checkbox\" data-field-id=\"5\"><fieldset><legend class=\"wpforms-field-label wpforms-label-hide\" aria-hidden=\"false\">GDPR hozz\u00e1j\u00e1rul\u00e1s <span class=\"wpforms-required-label\" aria-hidden=\"true\">*<\/span><\/legend><ul id=\"wpforms-1262-field_5\" class=\"wpforms-field-required\"><li class=\"choice-1 depth-1\"><input type=\"checkbox\" id=\"wpforms-1262-field_5_1\" name=\"wpforms[fields][5][]\" value=\"Jelen \u0171rlap bek\u00fcld\u00e9s\u00e9vel hozz\u00e1j\u00e1rul\u00e1sodat adod adataid GDPR szab\u00e1lyoz\u00e1s szerinti felhaszn\u00e1l\u00e1s\u00e1hoz az \u00e1ltalad k\u00e9rt kapcsolatfelv\u00e9tel c\u00e9lj\u00e1b\u00f3l.\" aria-errormessage=\"wpforms-1262-field_5_1-error\" required ><label class=\"wpforms-field-label-inline\" for=\"wpforms-1262-field_5_1\">Jelen \u0171rlap bek\u00fcld\u00e9s\u00e9vel hozz\u00e1j\u00e1rul\u00e1sodat adod adataid GDPR szab\u00e1lyoz\u00e1s szerinti felhaszn\u00e1l\u00e1s\u00e1hoz az \u00e1ltalad k\u00e9rt kapcsolatfelv\u00e9tel c\u00e9lj\u00e1b\u00f3l.<\/label><\/li><\/ul><\/fieldset><\/div><\/div><!-- .wpforms-field-container --><div class=\"wpforms-submit-container\" ><input type=\"hidden\" name=\"wpforms[id]\" value=\"1262\"><input type=\"hidden\" name=\"page_title\" value=\"\"><input type=\"hidden\" name=\"page_url\" value=\"https:\/\/dotre.hu\/sandbox\/3rdGen\/wordpress\/wp-json\/wp\/v2\/pages\/1256\"><input type=\"hidden\" name=\"url_referer\" value=\"\"><button type=\"submit\" name=\"wpforms[submit]\" id=\"wpforms-submit-1262\" class=\"wpforms-submit\" data-alt-text=\"K\u00fcld\u00e9s...\" data-submit-text=\"\u00c9rdekl\u0151d\u00f6m\" aria-live=\"assertive\" value=\"wpforms-submit\">\u00c9rdekl\u0151d\u00f6m<\/button><img decoding=\"async\" src=\"https:\/\/dotre.hu\/sandbox\/3rdGen\/wordpress\/wp-content\/plugins\/wpforms-lite\/assets\/images\/submit-spin.svg\" class=\"wpforms-submit-spinner\" style=\"display: none;\" width=\"26\" height=\"26\" alt=\"Loading\"><\/div><\/form><\/div>  <!-- .wpforms-container -->             \r\n                  <\/div>      \r\n                  <\/div>\r\n              <\/div>\r\n            <\/div>\r\n          <\/div>        \r\n        <\/section>\r\n    \t\t\t\t<\/div>\n\t\t\t\t<\/div>\n\t\t\t\t\t<\/div>\n\t\t<\/div>\n\t\t\t\t\t<\/div>\n\t\t<\/section>\n\t\t\t\t<\/div>\n\t\t","protected":false},"excerpt":{"rendered":"<p>3rdgen.eu Kapcsolat Besz\u00e9lj\u00fcnk! Keress minket bizalommal Vedd fel vel\u00fcnk a kapcsolatot! V\u00e9g Ott\u00f3 Alap\u00edt\u00f3, az Igazgat\u00f3s\u00e1g eln\u00f6ke +36 30 938 1883 otto.veg@3rdgen.eu Csepregi Ott\u00f3 Alap\u00edt\u00f3, Vez\u00e9rigazgat\u00f3 +36 70 333 9000 otto.csepregi@3rdgen.eu K\u00e1sler P\u00e9ter Ambassador, Igazgat\u00f3s\u00e1gi tag +36 30 722 8501 peter.kasler@3rdgen.eu Vojtek Endre Igazgat\u00f3s\u00e1gi tag +36 30 645 5343 endre.vojtek@3rdgen.eu \u00c9rdekl\u0151d\u00e9s Please enable JavaScript in [&hellip;]<\/p>\n","protected":false},"author":1,"featured_media":0,"parent":0,"menu_order":0,"comment_status":"closed","ping_status":"closed","template":"elementor_header_footer","meta":{"inline_featured_image":false,"_monsterinsights_skip_tracking":false,"_monsterinsights_sitenote_active":false,"_monsterinsights_sitenote_note":"","_monsterinsights_sitenote_category":0,"footnotes":""},"aioseo_notices":[],"_links":{"self":[{"href":"https:\/\/dotre.hu\/sandbox\/3rdGen\/wordpress\/wp-json\/wp\/v2\/pages\/1256"}],"collection":[{"href":"https:\/\/dotre.hu\/sandbox\/3rdGen\/wordpress\/wp-json\/wp\/v2\/pages"}],"about":[{"href":"https:\/\/dotre.hu\/sandbox\/3rdGen\/wordpress\/wp-json\/wp\/v2\/types\/page"}],"author":[{"embeddable":true,"href":"https:\/\/dotre.hu\/sandbox\/3rdGen\/wordpress\/wp-json\/wp\/v2\/users\/1"}],"replies":[{"embeddable":true,"href":"https:\/\/dotre.hu\/sandbox\/3rdGen\/wordpress\/wp-json\/wp\/v2\/comments?post=1256"}],"version-history":[{"count":20,"href":"https:\/\/dotre.hu\/sandbox\/3rdGen\/wordpress\/wp-json\/wp\/v2\/pages\/1256\/revisions"}],"predecessor-version":[{"id":1921,"href":"https:\/\/dotre.hu\/sandbox\/3rdGen\/wordpress\/wp-json\/wp\/v2\/pages\/1256\/revisions\/1921"}],"wp:attachment":[{"href":"https:\/\/dotre.hu\/sandbox\/3rdGen\/wordpress\/wp-json\/wp\/v2\/media?parent=1256"}],"curies":[{"name":"wp","href":"https:\/\/api.w.org\/{rel}","templated":true}]}}