{"id":1233,"date":"2024-02-11T23:17:47","date_gmt":"2024-02-11T23:17:47","guid":{"rendered":"https:\/\/dotre.hu\/sandbox\/3rdGen\/wordpress\/?page_id=1233"},"modified":"2024-06-13T21:43:07","modified_gmt":"2024-06-13T21:43:07","slug":"impresszum","status":"publish","type":"page","link":"https:\/\/dotre.hu\/sandbox\/3rdGen\/wordpress\/impresszum\/","title":{"rendered":"Impresszum"},"content":{"rendered":"\t\t<div data-elementor-type=\"wp-page\" data-elementor-id=\"1233\" class=\"elementor elementor-1233\">\n\t\t\t\t<div class=\"elementor-element elementor-element-a58676c e-flex e-con-boxed e-con e-parent\" data-id=\"a58676c\" data-element_type=\"container\">\n\t\t\t\t\t<div class=\"e-con-inner\">\n\t\t\t\t<div class=\"elementor-element elementor-element-cc9be24 elementor-widget elementor-widget-html\" data-id=\"cc9be24\" data-element_type=\"widget\" data-widget_type=\"html.default\">\n\t\t\t\t<div class=\"elementor-widget-container\">\n\t\t\t\t\t<h1>Impresszum<\/h1><p><strong>C\u00e9g neve:<\/strong> 3rdGEN Tan\u00e1csad\u00f3 \u00e9s Szolg\u00e1ltat\u00f3 Z\u00e1rtk\u00f6r\u0171en M\u0171k\u00f6d\u0151 R\u00e9szv\u00e9nyt\u00e1rsas\u00e1g<\/p><p><strong>R\u00f6vid\u00edtett elnevez\u00e9s:<\/strong> 3rdGEN Zrt.<\/p><p><strong>Sz\u00e9khely:<\/strong> 1007 Budapest - Margitsziget, Ensana Grand Hotel Margitsziget IV. em. 11.<\/p><p><strong>Elektronikus levelez\u00e9si c\u00edm:<\/strong> info@3rdgen.eu<\/p><p><strong>C\u00e9gjegyz\u00e9ksz\u00e1m:<\/strong> 01-10-140697<\/p><p><strong>Ad\u00f3sz\u00e1m:<\/strong> 27279212-2-41<\/p><p><strong>Statisztikai sz\u00e1mjel:<\/strong> 27279212 7022 114 01<\/p><p><strong>Mag\u00e1n-munkak\u00f6zvet\u00edt\u0151i tev\u00e9kenys\u00e9gre vonatkoz\u00f3an, Budapest F\u0151v\u00e1ros Korm\u00e1nyhivatala \u00e1ltal kibocs\u00e1tott, a nyilv\u00e1ntart\u00e1sba v\u00e9telr\u0151l rendelkez\u0151 hat\u00e1rozat sz\u00e1ma:<\/strong> BP\/0701\/22351-5\/2020-1225<\/p><p><strong>Feln\u0151ttk\u00e9pz\u00e9si nyilv\u00e1ntart\u00e1si sz\u00e1m:<\/strong> B\/2021\/000023<\/p><p><strong>Kamarai tags\u00e1g (sz\u00e1m):<\/strong> PE27279212<\/p><p><strong>A t\u00e1rhelyet \u00fczemeltet\u0151 szolg\u00e1ltat\u00f3:<\/strong> T\u00e1rhely.Eu Szolg\u00e1ltat\u00f3 Kft. (c\u00e9gjegyz\u00e9ksz\u00e1m: 01-09-909968, ad\u00f3sz\u00e1m: 14571332-2-42, telefonsz\u00e1m: +36 1 789 2 789, e-mail c\u00edm: support@tarhely.eu, sz\u00e9khely: 1097 Budapest, K\u00f6nyves K\u00e1lm\u00e1n k\u00f6r\u00fat 12-14.)<\/p>\t\t\t\t<\/div>\n\t\t\t\t<\/div>\n\t\t\t\t\t<\/div>\n\t\t\t\t<\/div>\n\t\t\t\t<\/div>\n\t\t","protected":false},"excerpt":{"rendered":"<p>Impresszum C\u00e9g neve: 3rdGEN Tan\u00e1csad\u00f3 \u00e9s Szolg\u00e1ltat\u00f3 Z\u00e1rtk\u00f6r\u0171en M\u0171k\u00f6d\u0151 R\u00e9szv\u00e9nyt\u00e1rsas\u00e1g R\u00f6vid\u00edtett elnevez\u00e9s: 3rdGEN Zrt. Sz\u00e9khely: 1007 Budapest &#8211; Margitsziget, Ensana Grand Hotel Margitsziget IV. em. 11. Elektronikus levelez\u00e9si c\u00edm: info@3rdgen.eu C\u00e9gjegyz\u00e9ksz\u00e1m: 01-10-140697 Ad\u00f3sz\u00e1m: 27279212-2-41 Statisztikai sz\u00e1mjel: 27279212 7022 114 01 Mag\u00e1n-munkak\u00f6zvet\u00edt\u0151i tev\u00e9kenys\u00e9gre vonatkoz\u00f3an, Budapest F\u0151v\u00e1ros Korm\u00e1nyhivatala \u00e1ltal kibocs\u00e1tott, a nyilv\u00e1ntart\u00e1sba v\u00e9telr\u0151l rendelkez\u0151 hat\u00e1rozat sz\u00e1ma: BP\/0701\/22351-5\/2020-1225 [&hellip;]<\/p>\n","protected":false},"author":1,"featured_media":0,"parent":0,"menu_order":0,"comment_status":"closed","ping_status":"closed","template":"elementor_header_footer","meta":{"inline_featured_image":false,"_monsterinsights_skip_tracking":false,"_monsterinsights_sitenote_active":false,"_monsterinsights_sitenote_note":"","_monsterinsights_sitenote_category":0,"footnotes":""},"aioseo_notices":[],"_links":{"self":[{"href":"https:\/\/dotre.hu\/sandbox\/3rdGen\/wordpress\/wp-json\/wp\/v2\/pages\/1233"}],"collection":[{"href":"https:\/\/dotre.hu\/sandbox\/3rdGen\/wordpress\/wp-json\/wp\/v2\/pages"}],"about":[{"href":"https:\/\/dotre.hu\/sandbox\/3rdGen\/wordpress\/wp-json\/wp\/v2\/types\/page"}],"author":[{"embeddable":true,"href":"https:\/\/dotre.hu\/sandbox\/3rdGen\/wordpress\/wp-json\/wp\/v2\/users\/1"}],"replies":[{"embeddable":true,"href":"https:\/\/dotre.hu\/sandbox\/3rdGen\/wordpress\/wp-json\/wp\/v2\/comments?post=1233"}],"version-history":[{"count":7,"href":"https:\/\/dotre.hu\/sandbox\/3rdGen\/wordpress\/wp-json\/wp\/v2\/pages\/1233\/revisions"}],"predecessor-version":[{"id":1926,"href":"https:\/\/dotre.hu\/sandbox\/3rdGen\/wordpress\/wp-json\/wp\/v2\/pages\/1233\/revisions\/1926"}],"wp:attachment":[{"href":"https:\/\/dotre.hu\/sandbox\/3rdGen\/wordpress\/wp-json\/wp\/v2\/media?parent=1233"}],"curies":[{"name":"wp","href":"https:\/\/api.w.org\/{rel}","templated":true}]}}